{"id":5110,"date":"2022-07-29T10:47:26","date_gmt":"2022-07-29T10:47:26","guid":{"rendered":"https:\/\/zumma.la-studioweb.com\/?page_id=5110"},"modified":"2024-02-25T09:34:13","modified_gmt":"2024-02-25T09:34:13","slug":"about-us-02","status":"publish","type":"page","link":"https:\/\/taldjabcosmetic.com\/index.php\/about-us-02\/","title":{"rendered":"\u00c0 propos"},"content":{"rendered":"\t\t<div data-elementor-type=\"wp-page\" data-elementor-id=\"5110\" class=\"elementor elementor-5110\">\n\t\t\t\t<div class=\"elementor-element elementor-element-6e9e2d9 e-flex e-con-boxed lakit-col-width-auto-no e-container e-root-container elementor-top-section e-con e-parent\" data-id=\"6e9e2d9\" data-element_type=\"container\" data-settings=\"{&quot;content_width&quot;:&quot;boxed&quot;}\" data-core-v316-plus=\"true\">\n\t\t\t\t\t<div class=\"e-con-inner\">\n\t\t<div class=\"elementor-element elementor-element-f2bc237 e-con-full e-flex lakit-col-width-auto-no e-container e-con e-child\" data-id=\"f2bc237\" data-element_type=\"container\" data-settings=\"{&quot;content_width&quot;:&quot;full&quot;}\">\n\t\t\t\t<div class=\"elementor-element elementor-element-ec5c458 elementor-widget__width-initial elementor-absolute elementor-widget-mobile_extra__width-initial elementor-widget elementor-widget-spacer\" data-id=\"ec5c458\" data-element_type=\"widget\" data-settings=\"{&quot;_position&quot;:&quot;absolute&quot;}\" data-widget_type=\"spacer.default\">\n\t\t\t\t<div class=\"elementor-widget-container\">\n\t\t\t<style>\/*! elementor - v3.19.0 - 07-02-2024 *\/\n.elementor-column .elementor-spacer-inner{height:var(--spacer-size)}.e-con{--container-widget-width:100%}.e-con-inner>.elementor-widget-spacer,.e-con>.elementor-widget-spacer{width:var(--container-widget-width,var(--spacer-size));--align-self:var(--container-widget-align-self,initial);--flex-shrink:0}.e-con-inner>.elementor-widget-spacer>.elementor-widget-container,.e-con>.elementor-widget-spacer>.elementor-widget-container{height:100%;width:100%}.e-con-inner>.elementor-widget-spacer>.elementor-widget-container>.elementor-spacer,.e-con>.elementor-widget-spacer>.elementor-widget-container>.elementor-spacer{height:100%}.e-con-inner>.elementor-widget-spacer>.elementor-widget-container>.elementor-spacer>.elementor-spacer-inner,.e-con>.elementor-widget-spacer>.elementor-widget-container>.elementor-spacer>.elementor-spacer-inner{height:var(--container-widget-height,var(--spacer-size))}.e-con-inner>.elementor-widget-spacer.elementor-widget-empty,.e-con>.elementor-widget-spacer.elementor-widget-empty{position:relative;min-height:22px;min-width:22px}.e-con-inner>.elementor-widget-spacer.elementor-widget-empty .elementor-widget-empty-icon,.e-con>.elementor-widget-spacer.elementor-widget-empty .elementor-widget-empty-icon{position:absolute;top:0;bottom:0;left:0;right:0;margin:auto;padding:0;width:22px;height:22px}<\/style>\t\t<div class=\"elementor-spacer\">\n\t\t\t<div class=\"elementor-spacer-inner\"><\/div>\n\t\t<\/div>\n\t\t\t\t<\/div>\n\t\t\t\t<\/div>\n\t\t\t\t<div class=\"elementor-element elementor-element-be977dd elementor-widget-laptop__width-initial elementor-widget-tablet__width-initial elementor-widget-mobile_extra__width-initial elementor-widget elementor-widget-image\" data-id=\"be977dd\" data-element_type=\"widget\" data-widget_type=\"image.default\">\n\t\t\t\t<div class=\"elementor-widget-container\">\n\t\t\t<style>\/*! elementor - v3.19.0 - 07-02-2024 *\/\n.elementor-widget-image{text-align:center}.elementor-widget-image a{display:inline-block}.elementor-widget-image a img[src$=\".svg\"]{width:48px}.elementor-widget-image img{vertical-align:middle;display:inline-block}<\/style>\t\t\t\t\t\t\t\t\t\t<img fetchpriority=\"high\" decoding=\"async\" width=\"2056\" height=\"1157\" src=\"https:\/\/taldjabcosmetic.com\/wp-content\/uploads\/2024\/02\/unnamed-1.jpg\" class=\"attachment-full size-full wp-image-8369\" alt=\"\" srcset=\"https:\/\/taldjabcosmetic.com\/wp-content\/uploads\/2024\/02\/unnamed-1.jpg 2056w, https:\/\/taldjabcosmetic.com\/wp-content\/uploads\/2024\/02\/unnamed-1-1536x864.jpg 1536w, https:\/\/taldjabcosmetic.com\/wp-content\/uploads\/2024\/02\/unnamed-1-2048x1152.jpg 2048w, https:\/\/taldjabcosmetic.com\/wp-content\/uploads\/2024\/02\/unnamed-1-1320x743.jpg 1320w\" sizes=\"(max-width: 2056px) 100vw, 2056px\" \/>\t\t\t\t\t\t\t\t\t\t\t\t\t<\/div>\n\t\t\t\t<\/div>\n\t\t\t\t<\/div>\n\t\t<div class=\"elementor-element elementor-element-33f1535 e-con-full e-flex lakit-col-width-auto-no e-container e-con e-child\" data-id=\"33f1535\" data-element_type=\"container\" data-settings=\"{&quot;content_width&quot;:&quot;full&quot;}\">\n\t\t\t\t<div class=\"elementor-element elementor-element-5ee9153 elementor-widget elementor-widget-heading\" data-id=\"5ee9153\" data-element_type=\"widget\" data-widget_type=\"heading.default\">\n\t\t\t\t<div class=\"elementor-widget-container\">\n\t\t\t<style>\/*! elementor - v3.19.0 - 07-02-2024 *\/\n.elementor-heading-title{padding:0;margin:0;line-height:1}.elementor-widget-heading .elementor-heading-title[class*=elementor-size-]>a{color:inherit;font-size:inherit;line-height:inherit}.elementor-widget-heading .elementor-heading-title.elementor-size-small{font-size:15px}.elementor-widget-heading .elementor-heading-title.elementor-size-medium{font-size:19px}.elementor-widget-heading .elementor-heading-title.elementor-size-large{font-size:29px}.elementor-widget-heading .elementor-heading-title.elementor-size-xl{font-size:39px}.elementor-widget-heading .elementor-heading-title.elementor-size-xxl{font-size:59px}<\/style><h2 class=\"elementor-heading-title elementor-size-default\">QUI SUIS JE !<\/h2>\t\t<\/div>\n\t\t\t\t<\/div>\n\t\t\t\t<div class=\"elementor-element elementor-element-1a81c79 elementor-widget elementor-widget-text-editor\" data-id=\"1a81c79\" data-element_type=\"widget\" data-widget_type=\"text-editor.default\">\n\t\t\t\t<div class=\"elementor-widget-container\">\n\t\t\t<style>\/*! elementor - v3.19.0 - 07-02-2024 *\/\n.elementor-widget-text-editor.elementor-drop-cap-view-stacked .elementor-drop-cap{background-color:#69727d;color:#fff}.elementor-widget-text-editor.elementor-drop-cap-view-framed .elementor-drop-cap{color:#69727d;border:3px solid;background-color:transparent}.elementor-widget-text-editor:not(.elementor-drop-cap-view-default) .elementor-drop-cap{margin-top:8px}.elementor-widget-text-editor:not(.elementor-drop-cap-view-default) .elementor-drop-cap-letter{width:1em;height:1em}.elementor-widget-text-editor .elementor-drop-cap{float:left;text-align:center;line-height:1;font-size:50px}.elementor-widget-text-editor .elementor-drop-cap-letter{display:inline-block}<\/style>\t\t\t\t<p>Je suis Taldja B, votre alchimiste des essences pr\u00e9cieuses, passionn\u00e9e par l&#8217;aromath\u00e9rapie et sp\u00e9cialis\u00e9e dans la cosm\u00e9tologie. Ensemble, nous plongerons dans les myst\u00e8res des huiles essentielles, des herbes rares et des secrets mill\u00e9naires, pour r\u00e9v\u00e9ler la v\u00e9ritable essence de votre beaut\u00e9 naturelle.<\/p>\t\t\t\t\t\t<\/div>\n\t\t\t\t<\/div>\n\t\t\t\t<div class=\"elementor-element elementor-element-bbd62e5 elementor-widget elementor-widget-text-editor\" data-id=\"bbd62e5\" data-element_type=\"widget\" data-widget_type=\"text-editor.default\">\n\t\t\t\t<div class=\"elementor-widget-container\">\n\t\t\t\t\t\t\t<p>Taldja BELHIACINE -PDG DE TALDJA B COSMETICS<\/p>\t\t\t\t\t\t<\/div>\n\t\t\t\t<\/div>\n\t\t\t\t<\/div>\n\t\t\t\t\t<\/div>\n\t\t\t\t<\/div>\n\t\t<div class=\"elementor-element elementor-element-d834cbf e-flex e-con-boxed lakit-col-width-auto-no e-container e-root-container elementor-top-section e-con e-parent\" data-id=\"d834cbf\" data-element_type=\"container\" data-settings=\"{&quot;content_width&quot;:&quot;boxed&quot;}\" data-core-v316-plus=\"true\">\n\t\t\t\t\t<div class=\"e-con-inner\">\n\t\t\t\t<div class=\"elementor-element elementor-element-4c0df3f elementor-widget__width-initial elementor-widget-mobile__width-inherit elementor-widget-laptop__width-initial elementor-widget-mobile_extra__width-initial elementor-view-default elementor-position-top elementor-mobile-position-top elementor-widget elementor-widget-icon-box\" data-id=\"4c0df3f\" data-element_type=\"widget\" data-widget_type=\"icon-box.default\">\n\t\t\t\t<div class=\"elementor-widget-container\">\n\t\t\t<link rel=\"stylesheet\" href=\"https:\/\/taldjabcosmetic.com\/wp-content\/uploads\/elementor\/css\/custom-widget-icon-box.min.css?ver=1708635825\">\t\t<div class=\"elementor-icon-box-wrapper\">\n\t\t\t\t\t\t<div class=\"elementor-icon-box-icon\">\n\t\t\t\t<span  class=\"elementor-icon elementor-animation-\">\n\t\t\t\t<svg xmlns=\"http:\/\/www.w3.org\/2000\/svg\" width=\"160\" height=\"160\" viewBox=\"0 0 160 160\"><circle cx=\"80\" cy=\"80\" r=\"79.5\" fill=\"none\" stroke=\"#656565\" stroke-dasharray=\"10\"><\/circle><path d=\"m48.211 72.687 27.107 31.976-11.343-31.976Zm18.982 0L79.5 107.609l12.328-34.922Zm28.086 0-11.345 31.976 26.855-31.976Zm-27.107-3.2h22.673L79.5 53.98ZM62.267 53 48.211 69.492h16.018L76.556 53Zm20.431 0 12.073 16.492h16.018L97.011 53Z\" fill=\"#595959\"><\/path><\/svg>\t\t\t\t<\/span>\n\t\t\t<\/div>\n\t\t\t\t\t\t<div class=\"elementor-icon-box-content\">\n\t\t\t\t<h3 class=\"elementor-icon-box-title\">\n\t\t\t\t\t<span  >\n\t\t\t\t\t\tL'Excellence Fran\u00e7aise\t\t\t\t\t<\/span>\n\t\t\t\t<\/h3>\n\t\t\t\t\t\t\t\t\t<p class=\"elementor-icon-box-description\">\n\t\t\t\t\t\tChez Taldja B Cosm\u00e9tic, nous sommes fiers de perp\u00e9tuer la tradition de l'excellence fran\u00e7aise dans la fabrication de nos produits. Chaque \u00e9tape de notre processus de production, de la s\u00e9lection des ingr\u00e9dients \u00e0 la formulation finale, est r\u00e9alis\u00e9e avec le plus grand soin et selon les normes les plus rigoureuses.\t\t\t\t\t<\/p>\n\t\t\t\t\t\t\t<\/div>\n\t\t<\/div>\n\t\t\t\t<\/div>\n\t\t\t\t<\/div>\n\t\t\t\t<div class=\"elementor-element elementor-element-645f1a9 elementor-widget__width-initial elementor-widget-mobile__width-inherit elementor-widget-laptop__width-initial elementor-view-default elementor-position-top elementor-mobile-position-top elementor-widget elementor-widget-icon-box\" data-id=\"645f1a9\" data-element_type=\"widget\" data-widget_type=\"icon-box.default\">\n\t\t\t\t<div class=\"elementor-widget-container\">\n\t\t\t\t\t<div class=\"elementor-icon-box-wrapper\">\n\t\t\t\t\t\t<div class=\"elementor-icon-box-icon\">\n\t\t\t\t<span  class=\"elementor-icon elementor-animation-\">\n\t\t\t\t<svg xmlns=\"http:\/\/www.w3.org\/2000\/svg\" width=\"160\" height=\"160\" viewBox=\"0 0 160 160\"><circle cx=\"80\" cy=\"80\" r=\"79.5\" fill=\"none\" stroke=\"#656565\" stroke-dasharray=\"10\"><\/circle><path d=\"m48.211 72.687 27.107 31.976-11.343-31.976Zm18.982 0L79.5 107.609l12.328-34.922Zm28.086 0-11.345 31.976 26.855-31.976Zm-27.107-3.2h22.673L79.5 53.98ZM62.267 53 48.211 69.492h16.018L76.556 53Zm20.431 0 12.073 16.492h16.018L97.011 53Z\" fill=\"#595959\"><\/path><\/svg>\t\t\t\t<\/span>\n\t\t\t<\/div>\n\t\t\t\t\t\t<div class=\"elementor-icon-box-content\">\n\t\t\t\t<h3 class=\"elementor-icon-box-title\">\n\t\t\t\t\t<span  >\n\t\t\t\t\t\tQualit\u00e9 Sup\u00e9rieure \t\t\t\t\t<\/span>\n\t\t\t\t<\/h3>\n\t\t\t\t\t\t\t\t\t<p class=\"elementor-icon-box-description\">\n\t\t\t\t\t\tNous privil\u00e9gions des ingr\u00e9dients d'origine naturelle, soigneusement s\u00e9lectionn\u00e9s pour leur qualit\u00e9 et leur efficacit\u00e9. Nos laboratoires, situ\u00e9s en France, b\u00e9n\u00e9ficient de technologies de pointe et de savoir-faire artisanal pour garantir des produits d'une qualit\u00e9 sup\u00e9rieure.\n\u200b\t\t\t\t\t<\/p>\n\t\t\t\t\t\t\t<\/div>\n\t\t<\/div>\n\t\t\t\t<\/div>\n\t\t\t\t<\/div>\n\t\t\t\t<div class=\"elementor-element elementor-element-13b5afa elementor-widget__width-initial elementor-widget-mobile__width-inherit elementor-widget-laptop__width-initial elementor-view-default elementor-position-top elementor-mobile-position-top elementor-widget elementor-widget-icon-box\" data-id=\"13b5afa\" data-element_type=\"widget\" data-widget_type=\"icon-box.default\">\n\t\t\t\t<div class=\"elementor-widget-container\">\n\t\t\t\t\t<div class=\"elementor-icon-box-wrapper\">\n\t\t\t\t\t\t<div class=\"elementor-icon-box-icon\">\n\t\t\t\t<span  class=\"elementor-icon elementor-animation-\">\n\t\t\t\t<svg xmlns=\"http:\/\/www.w3.org\/2000\/svg\" width=\"160\" height=\"160\" viewBox=\"0 0 160 160\"><circle cx=\"80\" cy=\"80\" r=\"79.5\" fill=\"none\" stroke=\"#656565\" stroke-dasharray=\"10\"><\/circle><path d=\"m48.211 72.687 27.107 31.976-11.343-31.976Zm18.982 0L79.5 107.609l12.328-34.922Zm28.086 0-11.345 31.976 26.855-31.976Zm-27.107-3.2h22.673L79.5 53.98ZM62.267 53 48.211 69.492h16.018L76.556 53Zm20.431 0 12.073 16.492h16.018L97.011 53Z\" fill=\"#595959\"><\/path><\/svg>\t\t\t\t<\/span>\n\t\t\t<\/div>\n\t\t\t\t\t\t<div class=\"elementor-icon-box-content\">\n\t\t\t\t<h3 class=\"elementor-icon-box-title\">\n\t\t\t\t\t<span  >\n\t\t\t\t\t\tRespect de l'Environnement\t\t\t\t\t<\/span>\n\t\t\t\t<\/h3>\n\t\t\t\t\t\t\t\t\t<p class=\"elementor-icon-box-description\">\n\t\t\t\t\t\tNous sommes engag\u00e9s dans une d\u00e9marche \u00e9coresponsable, en veillant \u00e0 limiter notre empreinte environnementale \u00e0 chaque \u00e9tape de la production. De la s\u00e9lection des mati\u00e8res premi\u00e8res \u00e0 l'emballage de nos produits, nous cherchons constamment des moyens d'am\u00e9liorer notre impact sur la plan\u00e8te.\t\t\t\t\t<\/p>\n\t\t\t\t\t\t\t<\/div>\n\t\t<\/div>\n\t\t\t\t<\/div>\n\t\t\t\t<\/div>\n\t\t\t\t<div class=\"elementor-element elementor-element-bf8f6ea elementor-widget__width-initial elementor-widget-mobile__width-inherit elementor-widget-laptop__width-initial elementor-view-default elementor-position-top elementor-mobile-position-top elementor-widget elementor-widget-icon-box\" data-id=\"bf8f6ea\" data-element_type=\"widget\" data-widget_type=\"icon-box.default\">\n\t\t\t\t<div class=\"elementor-widget-container\">\n\t\t\t\t\t<div class=\"elementor-icon-box-wrapper\">\n\t\t\t\t\t\t<div class=\"elementor-icon-box-icon\">\n\t\t\t\t<span  class=\"elementor-icon elementor-animation-\">\n\t\t\t\t<svg xmlns=\"http:\/\/www.w3.org\/2000\/svg\" width=\"160\" height=\"160\" viewBox=\"0 0 160 160\"><circle cx=\"80\" cy=\"80\" r=\"79.5\" fill=\"none\" stroke=\"#656565\" stroke-dasharray=\"10\"><\/circle><path d=\"m48.211 72.687 27.107 31.976-11.343-31.976Zm18.982 0L79.5 107.609l12.328-34.922Zm28.086 0-11.345 31.976 26.855-31.976Zm-27.107-3.2h22.673L79.5 53.98ZM62.267 53 48.211 69.492h16.018L76.556 53Zm20.431 0 12.073 16.492h16.018L97.011 53Z\" fill=\"#595959\"><\/path><\/svg>\t\t\t\t<\/span>\n\t\t\t<\/div>\n\t\t\t\t\t\t<div class=\"elementor-icon-box-content\">\n\t\t\t\t<h3 class=\"elementor-icon-box-title\">\n\t\t\t\t\t<span  >\n\t\t\t\t\t\tInnovation et Tradition \t\t\t\t\t<\/span>\n\t\t\t\t<\/h3>\n\t\t\t\t\t\t\t\t\t<p class=\"elementor-icon-box-description\">\n\t\t\t\t\t\tForts de notre h\u00e9ritage fran\u00e7ais, nous combinons l'innovation et la tradition pour cr\u00e9er des formules uniques et efficaces. Nous puisons dans les richesses de notre terroir et nous nous appuyons sur l'expertise de nos chercheurs pour d\u00e9velopper des produits \u00e0 la pointe de la technologie, tout en respectant les m\u00e9thodes artisanales qui font la renomm\u00e9e de la cosm\u00e9tique fran\u00e7aise.\t\t\t\t\t<\/p>\n\t\t\t\t\t\t\t<\/div>\n\t\t<\/div>\n\t\t\t\t<\/div>\n\t\t\t\t<\/div>\n\t\t\t\t\t<\/div>\n\t\t\t\t<\/div>\n\t\t<div class=\"elementor-element elementor-element-230fceb e-flex e-con-boxed lakit-col-width-auto-no e-container e-root-container elementor-top-section e-con e-parent\" data-id=\"230fceb\" data-element_type=\"container\" data-settings=\"{&quot;content_width&quot;:&quot;boxed&quot;}\" data-core-v316-plus=\"true\">\n\t\t\t\t\t<div class=\"e-con-inner\">\n\t\t<div class=\"elementor-element elementor-element-73d113b e-con-full e-flex lakit-col-width-auto-no e-container e-con e-child\" data-id=\"73d113b\" data-element_type=\"container\" data-settings=\"{&quot;content_width&quot;:&quot;full&quot;}\">\n\t\t\t\t<div class=\"elementor-element elementor-element-9c820f0 elementor-widget elementor-widget-heading\" data-id=\"9c820f0\" data-element_type=\"widget\" data-widget_type=\"heading.default\">\n\t\t\t\t<div class=\"elementor-widget-container\">\n\t\t\t<h2 class=\"elementor-heading-title elementor-size-default\">Label \"Made in France\"<\/h2>\t\t<\/div>\n\t\t\t\t<\/div>\n\t\t\t\t<div class=\"elementor-element elementor-element-9b04fb8 elementor-widget elementor-widget-text-editor\" data-id=\"9b04fb8\" data-element_type=\"widget\" data-widget_type=\"text-editor.default\">\n\t\t\t\t<div class=\"elementor-widget-container\">\n\t\t\t\t\t\t\t<p>Chaque produit de notre gamme arbore fi\u00e8rement le label &#8220;Made in France&#8221;, symbole de qualit\u00e9 et d&#8217;authenticit\u00e9. Ce label garantit aux consommateurs que nos produits sont fabriqu\u00e9s en France, dans le respect des normes les plus strictes en mati\u00e8re de s\u00e9curit\u00e9 et de qualit\u00e9.<\/p><p>En choisissant les produits Taldja B Cosm\u00e9tic, vous optez pour l&#8217;excellence fran\u00e7aise, la qualit\u00e9 irr\u00e9prochable et le savoir-faire artisanal. Plongez dans l&#8217;univers envo\u00fbtant de la beaut\u00e9 \u00e0 la fran\u00e7aise et laissez-vous s\u00e9duire par nos produits d&#8217;exception, fabriqu\u00e9s avec passion et d\u00e9vouement en France.<\/p>\t\t\t\t\t\t<\/div>\n\t\t\t\t<\/div>\n\t\t\t\t<\/div>\n\t\t<div class=\"elementor-element elementor-element-16be368 e-con-full e-flex lakit-col-width-auto-no e-container e-con e-child\" data-id=\"16be368\" data-element_type=\"container\" data-settings=\"{&quot;content_width&quot;:&quot;full&quot;}\">\n\t\t\t\t<div class=\"elementor-element elementor-element-2d624e5 elementor-widget__width-initial elementor-widget elementor-widget-image\" data-id=\"2d624e5\" data-element_type=\"widget\" data-widget_type=\"image.default\">\n\t\t\t\t<div class=\"elementor-widget-container\">\n\t\t\t\t\t\t\t\t\t\t\t\t\t<img decoding=\"async\" width=\"854\" height=\"692\" src=\"https:\/\/taldjabcosmetic.com\/wp-content\/uploads\/2024\/02\/about2-bg-2.jpg\" class=\"attachment-full size-full wp-image-7047\" alt=\"\" \/>\t\t\t\t\t\t\t\t\t\t\t\t\t<\/div>\n\t\t\t\t<\/div>\n\t\t\t\t<div class=\"elementor-element elementor-element-036c614 elementor-widget__width-initial elementor-widget elementor-widget-image\" data-id=\"036c614\" data-element_type=\"widget\" data-widget_type=\"image.default\">\n\t\t\t\t<div class=\"elementor-widget-container\">\n\t\t\t\t\t\t\t\t\t\t\t\t\t<img decoding=\"async\" width=\"854\" height=\"692\" src=\"https:\/\/taldjabcosmetic.com\/wp-content\/uploads\/2024\/02\/about2-bg-3.jpg\" class=\"attachment-full size-full wp-image-7048\" alt=\"\" \/>\t\t\t\t\t\t\t\t\t\t\t\t\t<\/div>\n\t\t\t\t<\/div>\n\t\t\t\t<\/div>\n\t\t\t\t\t<\/div>\n\t\t\t\t<\/div>\n\t\t\t\t<\/div>\n\t\t","protected":false},"excerpt":{"rendered":"<p>QUI SUIS JE ! Je suis Taldja B, votre alchimiste des essences pr\u00e9cieuses, passionn\u00e9e par l&#8217;aromath\u00e9rapie et sp\u00e9cialis\u00e9e dans la cosm\u00e9tologie. Ensemble, nous plongerons dans les myst\u00e8res des huiles essentielles, des herbes rares et des secrets mill\u00e9naires, pour r\u00e9v\u00e9ler la v\u00e9ritable essence de votre beaut\u00e9 naturelle. Taldja BELHIACINE -PDG DE TALDJA&hellip;<\/p>\n","protected":false},"author":1,"featured_media":0,"parent":0,"menu_order":0,"comment_status":"closed","ping_status":"closed","template":"","meta":{"footnotes":""},"class_list":["post-5110","page","type-page","status-publish","hentry"],"jetpack_sharing_enabled":true,"_links":{"self":[{"href":"https:\/\/taldjabcosmetic.com\/index.php\/wp-json\/wp\/v2\/pages\/5110","targetHints":{"allow":["GET"]}}],"collection":[{"href":"https:\/\/taldjabcosmetic.com\/index.php\/wp-json\/wp\/v2\/pages"}],"about":[{"href":"https:\/\/taldjabcosmetic.com\/index.php\/wp-json\/wp\/v2\/types\/page"}],"author":[{"embeddable":true,"href":"https:\/\/taldjabcosmetic.com\/index.php\/wp-json\/wp\/v2\/users\/1"}],"replies":[{"embeddable":true,"href":"https:\/\/taldjabcosmetic.com\/index.php\/wp-json\/wp\/v2\/comments?post=5110"}],"version-history":[{"count":40,"href":"https:\/\/taldjabcosmetic.com\/index.php\/wp-json\/wp\/v2\/pages\/5110\/revisions"}],"predecessor-version":[{"id":8444,"href":"https:\/\/taldjabcosmetic.com\/index.php\/wp-json\/wp\/v2\/pages\/5110\/revisions\/8444"}],"wp:attachment":[{"href":"https:\/\/taldjabcosmetic.com\/index.php\/wp-json\/wp\/v2\/media?parent=5110"}],"curies":[{"name":"wp","href":"https:\/\/api.w.org\/{rel}","templated":true}]}}