{"id":8063,"date":"2024-02-21T13:56:45","date_gmt":"2024-02-21T13:56:45","guid":{"rendered":"https:\/\/taldjabcosmetic.com\/?page_id=8063"},"modified":"2024-02-25T09:37:57","modified_gmt":"2024-02-25T09:37:57","slug":"gamme-2","status":"publish","type":"page","link":"https:\/\/taldjabcosmetic.com\/index.php\/gamme-2\/","title":{"rendered":"L\u2019\u00e9l\u00e9gance du Caviar"},"content":{"rendered":"\t\t<div data-elementor-type=\"wp-page\" data-elementor-id=\"8063\" class=\"elementor elementor-8063\">\n\t\t\t\t<div class=\"elementor-element elementor-element-409fb2f8 e-con-full e-flex lakit-col-width-auto-no e-container e-root-container elementor-top-section e-con e-parent\" data-id=\"409fb2f8\" data-element_type=\"container\" data-settings=\"{&quot;content_width&quot;:&quot;full&quot;}\" data-core-v316-plus=\"true\">\n\t\t\t\t<div class=\"elementor-element elementor-element-4f0f708 lakit-arrow--showonhover-yes lakit-dots--vertical-no elementor-widget lastudio-kit elementor-lakit-slides\" data-id=\"4f0f708\" data-element_type=\"widget\" data-widget_type=\"lakit-slides.default\">\n\t\t\t\t<div class=\"elementor-widget-container\">\n\t\t\t<style>@keyframes ken-burns-in{0%{transform:scale(1)}to{transform:scale(1.2)}}@keyframes ken-burns-out{0%{transform:scale(1.2)}to{transform:scale(1)}}.lakit-slides .swiper-container:not(.swiper-container-initialized) .swiper-slide:not(:first-child){content-visibility:hidden;display:none}.lakit-slides .lakit-slide-bg{background-size:cover;background-position:center;background-repeat:no-repeat;min-height:100%;width:100%;background-color:transparent}.lakit-slides .lakit-slide-bg.elementor-ken-out{transform:scale(1.2)}.lakit-slides .swiper-slide{display:flex;position:relative;overflow:hidden;height:400px;justify-content:center;align-items:center}.lakit-slides .swiper-slide .lakit-slide-inner,.lakit-slides .swiper-slide .lakit-slide-wrapbg{flex-basis:100%;display:flex;width:100%}.lakit-slides .swiper-slide .lakit-slide-wrapbg{flex-basis:var(--slide-bg-width,100%);min-height:100%;overflow:hidden}.lakit-slides .swiper-slide:focus{outline:0}.lakit-slides .swiper-slide.swiper-slide-active .lakit-slide-bg{animation-timing-function:linear;animation-duration:calc(var(--data-autoplay-speed, 10s) - 2s)}.lakit-slides .swiper-slide.swiper-slide-active .lakit-slide-bg.elementor-ken-in{transform:scale(1.2);animation-name:ken-burns-in}.lakit-slides .swiper-slide.swiper-slide-active .lakit-slide-bg.elementor-ken-out{transform:scale(1);animation-name:ken-burns-out}.lakit-slides .lakit-slide-inner{background-repeat:no-repeat;background-position:center;position:absolute;top:0;left:0;bottom:0;right:0}.lakit-slides .lakit-slide-inner,.lakit-slides .lakit-slide-inner:hover{display:flex}.lakit-slides .lakit-slide-inner .elementor-background-overlay{position:absolute;z-index:0;top:0;bottom:0;left:0;right:0}.lakit-slides .lakit-slide-inner .lakit-slide-content{position:relative;z-index:1;width:100%}.lakit-slides .lakit-slide-inner .lakit-slide-heading{font-size:35px;font-weight:700;line-height:1}.lakit-slides .lakit-slide-inner .lakit-slide-description{font-size:17px;line-height:1.4}.lakit-slides .lakit-slide-inner .lakit-slide-heading:not(:last-child){margin-bottom:20px}.lakit-slides .lakit-slide-inner .lakit-slide-description:not(:last-child){margin-bottom:30px}.lakit-slides .lakit-slide-inner .lakit-slide-button{border:2px solid}.lakit-slides .lakit-slide-inner .lakit-slide-button,.lakit-slides .lakit-slide-inner .lakit-slide-button:hover{background-color:transparent;color:inherit;text-decoration:none}.elementor--v-position-top .lakit-slide-inner{-webkit-box-align:start;-ms-flex-align:start;align-items:flex-start}.elementor--v-position-bottom .lakit-slide-inner{-webkit-box-align:end;-ms-flex-align:end;align-items:flex-end}.elementor--v-position-middle .lakit-slide-inner{-webkit-box-align:center;-ms-flex-align:center;align-items:center}.elementor--h-position-left .lakit-slide-inner{-webkit-box-pack:start;-ms-flex-pack:start;justify-content:flex-start}.elementor--h-position-right .lakit-slide-inner{-webkit-box-pack:end;-ms-flex-pack:end;justify-content:flex-end}.elementor--h-position-center .lakit-slide-inner{-webkit-box-pack:center;-ms-flex-pack:center;justify-content:center}.fake-controls,.lakit-slide-bg a,.lakit-slides-wrapper div:not(.swiper-slide)>.lakit-slide-inner{display:none}@media (max-width:767px){.lakit-slides .lakit-slide-inner .lakit-slide-heading{font-size:23px;line-height:1;margin-bottom:15px}.lakit-slides .lakit-slide-inner .lakit-slide-description{font-size:13px;line-height:1.4;margin-bottom:15px}}.elementor-widget-lastudio-slides{--elm-slide-space:0}.lakit-slide-subheading{margin-bottom:5px}.lakit-slide-subdescription2 a:not(:last-child){margin-right:1.5em}.lakit-slides .swiper-slide:hover .lakit-slide-button{transition-duration:.2s!important}.lakit-slides .lakit-slide-content{padding:var(--slide-content-padding,0);margin:var(--slide-content-margin,0)}.lakit-slides.lakit-slides-v2 .lakit-slide-content{width:var(--slide-content-width,auto);position:absolute;max-width:100%}.lakit-slides.lakit-slides-v2 .swiper-slide .lakit-slide-inner{margin:0 auto;max-width:100%}@media(max-width:767px){.elementor-lakit-slides.ls-ignore-height-yes .swiper-slide{height:auto!important;flex-direction:column}.elementor-lakit-slides.ls-ignore-height-yes .lakit-slide-wrapbg{min-height:var(--slide-height)!important}.elementor-lakit-slides.ls-ignore-height-yes .lakit-slide-content,.elementor-lakit-slides.ls-ignore-height-yes .lakit-slide-inner{position:static!important}}<\/style>        <div class=\"lakit-carousel lakit-slides lakit-slides-v2\" data-slider_options=\"{&quot;content_selector&quot;:&quot;.lakit-slide-content&quot;,&quot;content_effect_in&quot;:&quot;fadeInUp&quot;,&quot;content_effect_out&quot;:&quot;fadeOutUp&quot;,&quot;slidesToScroll&quot;:{&quot;desktop&quot;:&quot;1&quot;,&quot;laptop&quot;:&quot;1&quot;,&quot;tablet&quot;:&quot;1&quot;,&quot;mobile_extra&quot;:&quot;1&quot;},&quot;rows&quot;:{&quot;desktop&quot;:&quot;1&quot;,&quot;laptop&quot;:&quot;1&quot;,&quot;tablet&quot;:&quot;1&quot;,&quot;mobile_extra&quot;:&quot;1&quot;},&quot;autoplaySpeed&quot;:9000,&quot;autoplay&quot;:false,&quot;infinite&quot;:true,&quot;centerMode&quot;:false,&quot;pauseOnHover&quot;:false,&quot;pauseOnInteraction&quot;:false,&quot;reverseDirection&quot;:false,&quot;infiniteEffect&quot;:false,&quot;speed&quot;:900,&quot;arrows&quot;:false,&quot;dots&quot;:false,&quot;variableWidth&quot;:false,&quot;prevArrow&quot;:&quot;.lakit-carousel__prev-arrow-4f0f708&quot;,&quot;nextArrow&quot;:&quot;.lakit-carousel__next-arrow-4f0f708&quot;,&quot;dotsElm&quot;:&quot;.lakit-carousel__dots_4f0f708&quot;,&quot;rtl&quot;:false,&quot;effect&quot;:&quot;coverflow&quot;,&quot;coverflowEffect&quot;:{&quot;rotate&quot;:0,&quot;stretch&quot;:100,&quot;depth&quot;:100,&quot;modifier&quot;:1,&quot;scale&quot;:1},&quot;dotType&quot;:&quot;bullets&quot;,&quot;direction&quot;:&quot;horizontal&quot;,&quot;uniqueID&quot;:&quot;lakit_carousel_4f0f708&quot;,&quot;asFor&quot;:&quot;&quot;,&quot;autoHeight&quot;:false,&quot;scrollbar&quot;:false,&quot;slidesToShow&quot;:{&quot;desktop&quot;:&quot;1&quot;,&quot;laptop&quot;:&quot;1&quot;,&quot;tablet&quot;:&quot;1&quot;,&quot;mobile_extra&quot;:&quot;1&quot;}}\" dir=\"ltr\">\n            <div class=\"lakit-carousel-inner\">\n                <div class=\"swiper-container\" id=\"lakit_carousel_4f0f708\">\n                    <div class=\"swiper-wrapper\">\n                        <div class=\"elementor-repeater-item-f0c5460  swiper-slide\"><div class=\"lakit-slide-wrapbg\" data-swiper-parallax=\"30%\" data-swiper-parallax-opacity=\"0\"><div class=\"lakit-slide-bg parallax-bg\" data-swiper-parallax=\"-10%\"><a href=\"\/shop\/\">L'\u00c9l\u00e9gance du Caviar<\/a><\/div><\/div><div  class=\"lakit-slide-inner\"><div class=\"lakit-slide-content\"><div class=\"lakit-slide-heading\"  data-swiper-parallax=\"-250\" data-swiper-parallax-opacity=\"0\">L'\u00c9l\u00e9gance du Caviar<\/div><div class=\"lakit-slide-description\"  data-swiper-parallax=\"-200\" data-swiper-parallax-opacity=\"0\">Plongez dans le luxe ultime avec la gamme au caviar de Taldja B\nCosm\u00e9tic, o\u00f9 chaque produit est infus\u00e9 de l'exclusivit\u00e9 et de la\nsophistication de cet ingr\u00e9dient rare. Symbole d'opulence et de\nr\u00e9g\u00e9n\u00e9ration, le caviar se marie harmonieusement avec des principes\nactifs puissants pour offrir \u00e0 votre peau une exp\u00e9rience de soin\nin\u00e9gal\u00e9e, r\u00e9v\u00e9lant toute sa beaut\u00e9 avec \u00e9clat.<\/div><\/div><\/div><\/div>                    <\/div>\n                <\/div>\n            <\/div>\n                    <\/div>\n        \t\t<\/div>\n\t\t\t\t<\/div>\n\t\t\t\t<\/div>\n\t\t<div class=\"elementor-element elementor-element-14d55818 e-flex e-con-boxed lakit-col-width-auto-no e-container e-root-container elementor-top-section e-con e-parent\" data-id=\"14d55818\" data-element_type=\"container\" data-settings=\"{&quot;content_width&quot;:&quot;boxed&quot;}\" data-core-v316-plus=\"true\">\n\t\t\t\t\t<div class=\"e-con-inner\">\n\t\t\t\t<div class=\"elementor-element elementor-element-5ecddb24 elementor-widget elementor-widget-heading\" data-id=\"5ecddb24\" data-element_type=\"widget\" data-widget_type=\"heading.default\">\n\t\t\t\t<div class=\"elementor-widget-container\">\n\t\t\t<style>\/*! elementor - v3.19.0 - 07-02-2024 *\/\n.elementor-heading-title{padding:0;margin:0;line-height:1}.elementor-widget-heading .elementor-heading-title[class*=elementor-size-]>a{color:inherit;font-size:inherit;line-height:inherit}.elementor-widget-heading .elementor-heading-title.elementor-size-small{font-size:15px}.elementor-widget-heading .elementor-heading-title.elementor-size-medium{font-size:19px}.elementor-widget-heading .elementor-heading-title.elementor-size-large{font-size:29px}.elementor-widget-heading .elementor-heading-title.elementor-size-xl{font-size:39px}.elementor-widget-heading .elementor-heading-title.elementor-size-xxl{font-size:59px}<\/style><h2 class=\"elementor-heading-title elementor-size-default\">PRODUITS<\/h2>\t\t<\/div>\n\t\t\t\t<\/div>\n\t\t\t\t<div class=\"elementor-element elementor-element-fa2a0a0 actionzone-a-direction-row zone-cat-only-item-yes active-object-fit active-object-fit-true actionzone-a-hover-yes actionzone-a-pos-center-center actionzone-b-pos-top-right actionzone-c-pos-bottom-center elementor-widget lastudio-kit elementor-lakit-wooproducts\" data-id=\"fa2a0a0\" data-element_type=\"widget\" data-widget_type=\"lakit-wooproducts.default\">\n\t\t\t\t<div class=\"elementor-widget-container\">\n\t\t\t<div class=\"woocommerce  lakit_wc_widget_fa2a0a0_0\"><div class=\"lakit-products\" ><div class=\"lakit-products__list_wrapper\"><ul class=\"products ul_products lakit-products__list products-grid products-grid-default ul_products_v2 col-row columns-3\">\n<li class=\"product type-product post-8136 status-publish first instock product_cat-lelegance-du-cavia has-post-thumbnail shipping-taxable product-type-simple lakit-product product_item col-desk-3 col-tabp-3 col-tab-3 col-lap-3\">\n\t<div class=\"product_item--inner\"><div class=\"product_item--thumbnail\"><div class=\"product_item--thumbnail-holder\"><a href=\"https:\/\/taldjabcosmetic.com\/index.php\/product\/creme-de-jour-splendeur-de-caviar\/\" class=\"woocommerce-LoopProduct-link woocommerce-loop-product__link\"><div class=\"lakit-embla__slide figure__object_fit p_img-first\"><img fetchpriority=\"high\" decoding=\"async\" width=\"2000\" height=\"2000\" src=\"https:\/\/taldjabcosmetic.com\/wp-content\/uploads\/2024\/02\/Creme-de-jour-Caviar.jpg\" class=\"attachment-full size-full\" alt=\"Cre\u0300me-de-jour\" srcset=\"https:\/\/taldjabcosmetic.com\/wp-content\/uploads\/2024\/02\/Creme-de-jour-Caviar.jpg 2000w, https:\/\/taldjabcosmetic.com\/wp-content\/uploads\/2024\/02\/Creme-de-jour-Caviar-1536x1536.jpg 1536w, https:\/\/taldjabcosmetic.com\/wp-content\/uploads\/2024\/02\/Creme-de-jour-Caviar-1320x1320.jpg 1320w\" sizes=\"(max-width: 2000px) 100vw, 2000px\" \/><\/div><span class=\"item--overlay\"><\/span><\/a><\/div><div class=\"lakitp-zone lakitp-zone-a elementor-hidden-mobile_extra elementor-hidden-mobile\"><a class=\"lakitp-zone-item elementor-repeater-item-af53c3e only-icon lakit-btn quickview button la-quickview-button lakit--hint\" href=\"https:\/\/taldjabcosmetic.com\/index.php\/product\/creme-de-jour-splendeur-de-caviar\/\" data-href=\"https:\/\/taldjabcosmetic.com\/index.php\/product\/creme-de-jour-splendeur-de-caviar\/?product_quickview=8136\" data-hint=\"Quickview\" rel=\"nofollow\" data-product_title=\"Cr\u00e8me de Jour &quot;Splendeur de Caviar&quot;\" data-product_id=\"8136\" data-tip-class=\"lakit-tooltip-zone-a--id-fa2a0a0\"><span class=\"lakit-btn--icon\"><svg xmlns=\"http:\/\/www.w3.org\/2000\/svg\" width=\"300\" height=\"300\" viewBox=\"0 0 300 300\" class=\"lakit-font-icon-svg\"><use xlink:href=\"#LaStudioIcons___search_zoom_in\"><\/use><\/svg><\/span><span class=\"lakit-btn--text\">Quickview<\/span><\/a><\/div><\/div><div class=\"product_item--info\"><div class=\"lakitp-zone lakitp-zone-d\"><h3 class=\"elementor-repeater-item-a30ac84 lakitp-zone-item product_item--title\"><a href=\"https:\/\/taldjabcosmetic.com\/index.php\/product\/creme-de-jour-splendeur-de-caviar\/\">Cr\u00e8me de Jour &quot;Splendeur de Caviar&quot;<\/a><\/h3><\/div><\/div><\/div><\/li>\n<li class=\"product type-product post-8133 status-publish instock product_cat-lelegance-du-cavia has-post-thumbnail shipping-taxable product-type-simple lakit-product product_item col-desk-3 col-tabp-3 col-tab-3 col-lap-3\">\n\t<div class=\"product_item--inner\"><div class=\"product_item--thumbnail\"><div class=\"product_item--thumbnail-holder\"><a href=\"https:\/\/taldjabcosmetic.com\/index.php\/product\/serum-contour-des-yeux-perle-de-caviar\/\" class=\"woocommerce-LoopProduct-link woocommerce-loop-product__link\"><div class=\"lakit-embla__slide figure__object_fit p_img-first\"><img decoding=\"async\" width=\"2000\" height=\"2000\" src=\"https:\/\/taldjabcosmetic.com\/wp-content\/uploads\/2024\/02\/Serum-Contour-Des-Yeux-Caviar.jpg\" class=\"attachment-full size-full\" alt=\"Se\u0301rum-Contour-Des-Yeu\" srcset=\"https:\/\/taldjabcosmetic.com\/wp-content\/uploads\/2024\/02\/Serum-Contour-Des-Yeux-Caviar.jpg 2000w, https:\/\/taldjabcosmetic.com\/wp-content\/uploads\/2024\/02\/Serum-Contour-Des-Yeux-Caviar-1536x1536.jpg 1536w, https:\/\/taldjabcosmetic.com\/wp-content\/uploads\/2024\/02\/Serum-Contour-Des-Yeux-Caviar-1320x1320.jpg 1320w\" sizes=\"(max-width: 2000px) 100vw, 2000px\" \/><\/div><span class=\"item--overlay\"><\/span><\/a><\/div><div class=\"lakitp-zone lakitp-zone-a elementor-hidden-mobile_extra elementor-hidden-mobile\"><a class=\"lakitp-zone-item elementor-repeater-item-af53c3e only-icon lakit-btn quickview button la-quickview-button lakit--hint\" href=\"https:\/\/taldjabcosmetic.com\/index.php\/product\/serum-contour-des-yeux-perle-de-caviar\/\" data-href=\"https:\/\/taldjabcosmetic.com\/index.php\/product\/serum-contour-des-yeux-perle-de-caviar\/?product_quickview=8133\" data-hint=\"Quickview\" rel=\"nofollow\" data-product_title=\"S\u00e9rum Contour des Yeux &quot;Perle de Caviar&quot;\" data-product_id=\"8133\" data-tip-class=\"lakit-tooltip-zone-a--id-fa2a0a0\"><span class=\"lakit-btn--icon\"><svg xmlns=\"http:\/\/www.w3.org\/2000\/svg\" width=\"300\" height=\"300\" viewBox=\"0 0 300 300\" class=\"lakit-font-icon-svg\"><use xlink:href=\"#LaStudioIcons___search_zoom_in\"><\/use><\/svg><\/span><span class=\"lakit-btn--text\">Quickview<\/span><\/a><\/div><\/div><div class=\"product_item--info\"><div class=\"lakitp-zone lakitp-zone-d\"><h3 class=\"elementor-repeater-item-a30ac84 lakitp-zone-item product_item--title\"><a href=\"https:\/\/taldjabcosmetic.com\/index.php\/product\/serum-contour-des-yeux-perle-de-caviar\/\">S\u00e9rum Contour des Yeux &quot;Perle de Caviar&quot;<\/a><\/h3><\/div><\/div><\/div><\/li>\n<li class=\"product type-product post-8131 status-publish last instock product_cat-lelegance-du-cavia has-post-thumbnail shipping-taxable product-type-simple lakit-product product_item col-desk-3 col-tabp-3 col-tab-3 col-lap-3\">\n\t<div class=\"product_item--inner\"><div class=\"product_item--thumbnail\"><div class=\"product_item--thumbnail-holder\"><a href=\"https:\/\/taldjabcosmetic.com\/index.php\/product\/serum-visage-eclat-de-caviar\/\" class=\"woocommerce-LoopProduct-link woocommerce-loop-product__link\"><div class=\"lakit-embla__slide figure__object_fit p_img-first\"><img decoding=\"async\" width=\"2000\" height=\"2000\" src=\"https:\/\/taldjabcosmetic.com\/wp-content\/uploads\/2024\/02\/Serum-pour-visage-Caviar.jpg\" class=\"attachment-full size-full\" alt=\"\" srcset=\"https:\/\/taldjabcosmetic.com\/wp-content\/uploads\/2024\/02\/Serum-pour-visage-Caviar.jpg 2000w, https:\/\/taldjabcosmetic.com\/wp-content\/uploads\/2024\/02\/Serum-pour-visage-Caviar-1536x1536.jpg 1536w, https:\/\/taldjabcosmetic.com\/wp-content\/uploads\/2024\/02\/Serum-pour-visage-Caviar-1320x1320.jpg 1320w\" sizes=\"(max-width: 2000px) 100vw, 2000px\" \/><\/div><span class=\"item--overlay\"><\/span><\/a><\/div><div class=\"lakitp-zone lakitp-zone-a elementor-hidden-mobile_extra elementor-hidden-mobile\"><a class=\"lakitp-zone-item elementor-repeater-item-af53c3e only-icon lakit-btn quickview button la-quickview-button lakit--hint\" href=\"https:\/\/taldjabcosmetic.com\/index.php\/product\/serum-visage-eclat-de-caviar\/\" data-href=\"https:\/\/taldjabcosmetic.com\/index.php\/product\/serum-visage-eclat-de-caviar\/?product_quickview=8131\" data-hint=\"Quickview\" rel=\"nofollow\" data-product_title=\"S\u00e9rum Visage &quot;\u00c9clat de Caviar&quot;\" data-product_id=\"8131\" data-tip-class=\"lakit-tooltip-zone-a--id-fa2a0a0\"><span class=\"lakit-btn--icon\"><svg xmlns=\"http:\/\/www.w3.org\/2000\/svg\" width=\"300\" height=\"300\" viewBox=\"0 0 300 300\" class=\"lakit-font-icon-svg\"><use xlink:href=\"#LaStudioIcons___search_zoom_in\"><\/use><\/svg><\/span><span class=\"lakit-btn--text\">Quickview<\/span><\/a><\/div><\/div><div class=\"product_item--info\"><div class=\"lakitp-zone lakitp-zone-d\"><h3 class=\"elementor-repeater-item-a30ac84 lakitp-zone-item product_item--title\"><a href=\"https:\/\/taldjabcosmetic.com\/index.php\/product\/serum-visage-eclat-de-caviar\/\">S\u00e9rum Visage &quot;\u00c9clat de Caviar&quot;<\/a><\/h3><\/div><\/div><\/div><\/li>\n<li class=\"product type-product post-8129 status-publish first instock product_cat-lelegance-du-cavia has-post-thumbnail shipping-taxable product-type-simple lakit-product product_item col-desk-3 col-tabp-3 col-tab-3 col-lap-3\">\n\t<div class=\"product_item--inner\"><div class=\"product_item--thumbnail\"><div class=\"product_item--thumbnail-holder\"><a href=\"https:\/\/taldjabcosmetic.com\/index.php\/product\/lotion-nettoyante-au-caviar\/\" class=\"woocommerce-LoopProduct-link woocommerce-loop-product__link\"><div class=\"lakit-embla__slide figure__object_fit p_img-first\"><img loading=\"lazy\" decoding=\"async\" width=\"2000\" height=\"2000\" src=\"https:\/\/taldjabcosmetic.com\/wp-content\/uploads\/2024\/02\/Lotion-Nettyante-Caviar.jpg\" class=\"attachment-full size-full\" alt=\"\" srcset=\"https:\/\/taldjabcosmetic.com\/wp-content\/uploads\/2024\/02\/Lotion-Nettyante-Caviar.jpg 2000w, https:\/\/taldjabcosmetic.com\/wp-content\/uploads\/2024\/02\/Lotion-Nettyante-Caviar-1536x1536.jpg 1536w, https:\/\/taldjabcosmetic.com\/wp-content\/uploads\/2024\/02\/Lotion-Nettyante-Caviar-1320x1320.jpg 1320w\" sizes=\"(max-width: 2000px) 100vw, 2000px\" \/><\/div><span class=\"item--overlay\"><\/span><\/a><\/div><div class=\"lakitp-zone lakitp-zone-a elementor-hidden-mobile_extra elementor-hidden-mobile\"><a class=\"lakitp-zone-item elementor-repeater-item-af53c3e only-icon lakit-btn quickview button la-quickview-button lakit--hint\" href=\"https:\/\/taldjabcosmetic.com\/index.php\/product\/lotion-nettoyante-au-caviar\/\" data-href=\"https:\/\/taldjabcosmetic.com\/index.php\/product\/lotion-nettoyante-au-caviar\/?product_quickview=8129\" data-hint=\"Quickview\" rel=\"nofollow\" data-product_title=\"Lotion Nettoyante au Caviar\" data-product_id=\"8129\" data-tip-class=\"lakit-tooltip-zone-a--id-fa2a0a0\"><span class=\"lakit-btn--icon\"><svg xmlns=\"http:\/\/www.w3.org\/2000\/svg\" width=\"300\" height=\"300\" viewBox=\"0 0 300 300\" class=\"lakit-font-icon-svg\"><use xlink:href=\"#LaStudioIcons___search_zoom_in\"><\/use><\/svg><\/span><span class=\"lakit-btn--text\">Quickview<\/span><\/a><\/div><\/div><div class=\"product_item--info\"><div class=\"lakitp-zone lakitp-zone-d\"><h3 class=\"elementor-repeater-item-a30ac84 lakitp-zone-item product_item--title\"><a href=\"https:\/\/taldjabcosmetic.com\/index.php\/product\/lotion-nettoyante-au-caviar\/\">Lotion Nettoyante au Caviar<\/a><\/h3><\/div><\/div><\/div><\/li>\n<\/ul>\n<\/div><\/div><\/div>\t\t<\/div>\n\t\t\t\t<\/div>\n\t\t\t\t\t<\/div>\n\t\t\t\t<\/div>\n\t\t\t\t<\/div>\n\t\t","protected":false},"excerpt":{"rendered":"<p>L&#8217;\u00c9l\u00e9gance du CaviarL&#8217;\u00c9l\u00e9gance du CaviarPlongez dans le luxe ultime avec la gamme au caviar de Taldja B Cosm\u00e9tic, o\u00f9 chaque produit est infus\u00e9 de l&#8217;exclusivit\u00e9 et de la sophistication de cet ingr\u00e9dient rare. Symbole d&#8217;opulence et de r\u00e9g\u00e9n\u00e9ration, le caviar se marie harmonieusement avec des principes actifs puissants pour offrir \u00e0&hellip;<\/p>\n","protected":false},"author":1,"featured_media":0,"parent":0,"menu_order":0,"comment_status":"closed","ping_status":"closed","template":"","meta":{"footnotes":""},"class_list":["post-8063","page","type-page","status-publish","hentry"],"jetpack_sharing_enabled":true,"_links":{"self":[{"href":"https:\/\/taldjabcosmetic.com\/index.php\/wp-json\/wp\/v2\/pages\/8063","targetHints":{"allow":["GET"]}}],"collection":[{"href":"https:\/\/taldjabcosmetic.com\/index.php\/wp-json\/wp\/v2\/pages"}],"about":[{"href":"https:\/\/taldjabcosmetic.com\/index.php\/wp-json\/wp\/v2\/types\/page"}],"author":[{"embeddable":true,"href":"https:\/\/taldjabcosmetic.com\/index.php\/wp-json\/wp\/v2\/users\/1"}],"replies":[{"embeddable":true,"href":"https:\/\/taldjabcosmetic.com\/index.php\/wp-json\/wp\/v2\/comments?post=8063"}],"version-history":[{"count":28,"href":"https:\/\/taldjabcosmetic.com\/index.php\/wp-json\/wp\/v2\/pages\/8063\/revisions"}],"predecessor-version":[{"id":8450,"href":"https:\/\/taldjabcosmetic.com\/index.php\/wp-json\/wp\/v2\/pages\/8063\/revisions\/8450"}],"wp:attachment":[{"href":"https:\/\/taldjabcosmetic.com\/index.php\/wp-json\/wp\/v2\/media?parent=8063"}],"curies":[{"name":"wp","href":"https:\/\/api.w.org\/{rel}","templated":true}]}}