{"id":8091,"date":"2024-02-22T13:43:28","date_gmt":"2024-02-22T13:43:28","guid":{"rendered":"https:\/\/taldjabcosmetic.com\/?post_type=product&#038;p=8091"},"modified":"2024-02-22T19:17:45","modified_gmt":"2024-02-22T19:17:45","slug":"huile-de-massage-elixir-dorchidee-noire-et-de-safran","status":"publish","type":"product","link":"https:\/\/taldjabcosmetic.com\/index.php\/product\/huile-de-massage-elixir-dorchidee-noire-et-de-safran\/","title":{"rendered":"Huile de Massage &#8220;\u00c9lixir d&#8217;Orchid\u00e9e Noire et de Safran&#8221;"},"content":{"rendered":"<p>Laissez-vous transporter par les effluves envo\u00fbtantes de notre huile de massage, infus\u00e9e de l&#8217;\u00e9lixir rare de l&#8217;orchid\u00e9e noire et de la fleur de safran. Sa formule riche en principes actifs puissants p\u00e9n\u00e8tre en profondeur, apaisant les tensions musculaires et r\u00e9g\u00e9n\u00e9rant votre peau pour un bien-\u00eatre total.<\/p>\n","protected":false},"excerpt":{"rendered":"<p>Laissez-vous transporter par les effluves envo\u00fbtantes de notre huile de massage, infus\u00e9e de l&#8217;\u00e9lixir rare de l&#8217;orchid\u00e9e noire et de la fleur de safran. Sa formule riche en principes actifs puissants p\u00e9n\u00e8tre en profondeur, apaisant les tensions musculaires et r\u00e9g\u00e9n\u00e9rant votre peau pour un bien-\u00eatre total.<\/p>\n","protected":false},"featured_media":8152,"template":"","meta":[],"product_cat":[147],"product_tag":[],"class_list":{"0":"post-8091","1":"product","2":"type-product","3":"status-publish","4":"has-post-thumbnail","6":"product_cat-la-magie-de-lorchidee-noire-et-de-la-fleur-de-safran","8":"first","9":"instock","10":"shipping-taxable","11":"product-type-simple"},"jetpack_sharing_enabled":true,"_links":{"self":[{"href":"https:\/\/taldjabcosmetic.com\/index.php\/wp-json\/wp\/v2\/product\/8091","targetHints":{"allow":["GET"]}}],"collection":[{"href":"https:\/\/taldjabcosmetic.com\/index.php\/wp-json\/wp\/v2\/product"}],"about":[{"href":"https:\/\/taldjabcosmetic.com\/index.php\/wp-json\/wp\/v2\/types\/product"}],"wp:featuredmedia":[{"embeddable":true,"href":"https:\/\/taldjabcosmetic.com\/index.php\/wp-json\/wp\/v2\/media\/8152"}],"wp:attachment":[{"href":"https:\/\/taldjabcosmetic.com\/index.php\/wp-json\/wp\/v2\/media?parent=8091"}],"wp:term":[{"taxonomy":"product_cat","embeddable":true,"href":"https:\/\/taldjabcosmetic.com\/index.php\/wp-json\/wp\/v2\/product_cat?post=8091"},{"taxonomy":"product_tag","embeddable":true,"href":"https:\/\/taldjabcosmetic.com\/index.php\/wp-json\/wp\/v2\/product_tag?post=8091"}],"curies":[{"name":"wp","href":"https:\/\/api.w.org\/{rel}","templated":true}]}}