{"id":8103,"date":"2024-02-22T15:34:43","date_gmt":"2024-02-22T15:34:43","guid":{"rendered":"https:\/\/taldjabcosmetic.com\/?post_type=product&#038;p=8103"},"modified":"2024-02-22T19:00:23","modified_gmt":"2024-02-22T19:00:23","slug":"enveloppement-a-largile-secrets-dorchidee-et-de-safran","status":"publish","type":"product","link":"https:\/\/taldjabcosmetic.com\/index.php\/product\/enveloppement-a-largile-secrets-dorchidee-et-de-safran\/","title":{"rendered":"Enveloppement \u00e0 l&#8217;Argile &#8220;Secrets d&#8217;Orchid\u00e9e et de Safran&#8221;"},"content":{"rendered":"<p>D\u00e9couvrez le pouvoir r\u00e9g\u00e9n\u00e9rant de notre enveloppement \u00e0 l&#8217;argile,<br \/>\nenrichi de l&#8217;essence pr\u00e9cieuse de l&#8217;orchid\u00e9e noire et de la fleur de<br \/>\nsafran. Sa formule onctueuse purifie en profondeur, revitalisant votre<br \/>\npeau et lui redonnant son \u00e9clat naturel.<\/p>\n","protected":false},"excerpt":{"rendered":"<p>D\u00e9couvrez le pouvoir r\u00e9g\u00e9n\u00e9rant de notre enveloppement \u00e0 l&#8217;argile,enrichi de l&#8217;essence pr\u00e9cieuse de l&#8217;orchid\u00e9e noire et de la fleur de safran. Sa formule onctueuse purifie en profondeur, revitalisant votre peau et lui redonnant son \u00e9clat naturel.<\/p>\n","protected":false},"featured_media":8148,"template":"","meta":[],"product_cat":[147],"product_tag":[],"class_list":{"0":"post-8103","1":"product","2":"type-product","3":"status-publish","4":"has-post-thumbnail","6":"product_cat-la-magie-de-lorchidee-noire-et-de-la-fleur-de-safran","8":"first","9":"instock","10":"shipping-taxable","11":"product-type-simple"},"jetpack_sharing_enabled":true,"_links":{"self":[{"href":"https:\/\/taldjabcosmetic.com\/index.php\/wp-json\/wp\/v2\/product\/8103","targetHints":{"allow":["GET"]}}],"collection":[{"href":"https:\/\/taldjabcosmetic.com\/index.php\/wp-json\/wp\/v2\/product"}],"about":[{"href":"https:\/\/taldjabcosmetic.com\/index.php\/wp-json\/wp\/v2\/types\/product"}],"wp:featuredmedia":[{"embeddable":true,"href":"https:\/\/taldjabcosmetic.com\/index.php\/wp-json\/wp\/v2\/media\/8148"}],"wp:attachment":[{"href":"https:\/\/taldjabcosmetic.com\/index.php\/wp-json\/wp\/v2\/media?parent=8103"}],"wp:term":[{"taxonomy":"product_cat","embeddable":true,"href":"https:\/\/taldjabcosmetic.com\/index.php\/wp-json\/wp\/v2\/product_cat?post=8103"},{"taxonomy":"product_tag","embeddable":true,"href":"https:\/\/taldjabcosmetic.com\/index.php\/wp-json\/wp\/v2\/product_tag?post=8103"}],"curies":[{"name":"wp","href":"https:\/\/api.w.org\/{rel}","templated":true}]}}