{"id":8131,"date":"2024-02-22T18:39:18","date_gmt":"2024-02-22T18:39:18","guid":{"rendered":"https:\/\/taldjabcosmetic.com\/?post_type=product&#038;p=8131"},"modified":"2024-02-22T18:39:19","modified_gmt":"2024-02-22T18:39:19","slug":"serum-visage-eclat-de-caviar","status":"publish","type":"product","link":"https:\/\/taldjabcosmetic.com\/index.php\/product\/serum-visage-eclat-de-caviar\/","title":{"rendered":"S\u00e9rum Visage &#8220;\u00c9clat de Caviar&#8221;"},"content":{"rendered":"","protected":false},"excerpt":{"rendered":"<p>R\u00e9v\u00e9lez l&#8217;\u00e9clat naturel de votre peau avec notre s\u00e9rum visage au caviar. Sa texture l\u00e9g\u00e8re et soyeuse p\u00e9n\u00e8tre en profondeur, nourrissant intens\u00e9ment votre peau gr\u00e2ce \u00e0 sa concentration \u00e9lev\u00e9e en extraits de caviar et en actifs revitalisants. Red\u00e9couvrez une peau visiblement plus jeune et \u00e9clatante de vitalit\u00e9.<\/p>\n","protected":false},"featured_media":8132,"template":"","meta":[],"product_cat":[148],"product_tag":[],"class_list":{"0":"post-8131","1":"product","2":"type-product","3":"status-publish","4":"has-post-thumbnail","6":"product_cat-lelegance-du-cavia","8":"first","9":"instock","10":"shipping-taxable","11":"product-type-simple"},"jetpack_sharing_enabled":true,"_links":{"self":[{"href":"https:\/\/taldjabcosmetic.com\/index.php\/wp-json\/wp\/v2\/product\/8131","targetHints":{"allow":["GET"]}}],"collection":[{"href":"https:\/\/taldjabcosmetic.com\/index.php\/wp-json\/wp\/v2\/product"}],"about":[{"href":"https:\/\/taldjabcosmetic.com\/index.php\/wp-json\/wp\/v2\/types\/product"}],"wp:featuredmedia":[{"embeddable":true,"href":"https:\/\/taldjabcosmetic.com\/index.php\/wp-json\/wp\/v2\/media\/8132"}],"wp:attachment":[{"href":"https:\/\/taldjabcosmetic.com\/index.php\/wp-json\/wp\/v2\/media?parent=8131"}],"wp:term":[{"taxonomy":"product_cat","embeddable":true,"href":"https:\/\/taldjabcosmetic.com\/index.php\/wp-json\/wp\/v2\/product_cat?post=8131"},{"taxonomy":"product_tag","embeddable":true,"href":"https:\/\/taldjabcosmetic.com\/index.php\/wp-json\/wp\/v2\/product_tag?post=8131"}],"curies":[{"name":"wp","href":"https:\/\/api.w.org\/{rel}","templated":true}]}}