{"id":8133,"date":"2024-02-22T18:41:43","date_gmt":"2024-02-22T18:41:43","guid":{"rendered":"https:\/\/taldjabcosmetic.com\/?post_type=product&#038;p=8133"},"modified":"2024-02-22T18:43:43","modified_gmt":"2024-02-22T18:43:43","slug":"serum-contour-des-yeux-perle-de-caviar","status":"publish","type":"product","link":"https:\/\/taldjabcosmetic.com\/index.php\/product\/serum-contour-des-yeux-perle-de-caviar\/","title":{"rendered":"S\u00e9rum Contour des Yeux &#8220;Perle de Caviar&#8221;"},"content":{"rendered":"","protected":false},"excerpt":{"rendered":"<p>Prenez soin de la zone d\u00e9licate du contour des yeux avec notre s\u00e9rum enrichi en perles de caviar. Sa formule riche et velout\u00e9e cible efficacement les signes de fatigue et de vieillissement, att\u00e9nuant rides, cernes et poches pour un regard visiblement rajeuni et lumineux.<\/p>\n","protected":false},"featured_media":8134,"template":"","meta":[],"product_cat":[148],"product_tag":[],"class_list":{"0":"post-8133","1":"product","2":"type-product","3":"status-publish","4":"has-post-thumbnail","6":"product_cat-lelegance-du-cavia","8":"first","9":"instock","10":"shipping-taxable","11":"product-type-simple"},"jetpack_sharing_enabled":true,"_links":{"self":[{"href":"https:\/\/taldjabcosmetic.com\/index.php\/wp-json\/wp\/v2\/product\/8133","targetHints":{"allow":["GET"]}}],"collection":[{"href":"https:\/\/taldjabcosmetic.com\/index.php\/wp-json\/wp\/v2\/product"}],"about":[{"href":"https:\/\/taldjabcosmetic.com\/index.php\/wp-json\/wp\/v2\/types\/product"}],"wp:featuredmedia":[{"embeddable":true,"href":"https:\/\/taldjabcosmetic.com\/index.php\/wp-json\/wp\/v2\/media\/8134"}],"wp:attachment":[{"href":"https:\/\/taldjabcosmetic.com\/index.php\/wp-json\/wp\/v2\/media?parent=8133"}],"wp:term":[{"taxonomy":"product_cat","embeddable":true,"href":"https:\/\/taldjabcosmetic.com\/index.php\/wp-json\/wp\/v2\/product_cat?post=8133"},{"taxonomy":"product_tag","embeddable":true,"href":"https:\/\/taldjabcosmetic.com\/index.php\/wp-json\/wp\/v2\/product_tag?post=8133"}],"curies":[{"name":"wp","href":"https:\/\/api.w.org\/{rel}","templated":true}]}}